{"id":15,"date":"2017-10-18T17:22:28","date_gmt":"2017-10-18T17:22:28","guid":{"rendered":"http:\/\/l.ttrain\/?page_id=12"},"modified":"2019-12-12T08:48:38","modified_gmt":"2019-12-12T08:48:38","slug":"home","status":"publish","type":"page","link":"https:\/\/kido-express.ro\/en\/","title":{"rendered":"Home"},"content":{"rendered":"<p>[vc_row full_width=&#8221;stretch_row&#8221; equal_height=&#8221;yes&#8221; video_bg=&#8221;yes&#8221; video_bg_url=&#8221;https:\/\/www.youtube.com\/watch?v=mfhmg_DrL8w&#8221; enable_gradient=&#8221;true&#8221; color_stop_1=&#8221;#0a0a0a&#8221; color_stop_2=&#8221;rgba(10,0,0,0.01)&#8221; gradient_angle=&#8221;90&#8243; overlay_strength=&#8221;1&#8243;][vc_column width=&#8221;1\/3&#8243;][vc_column_text css=&#8221;.vc_custom_1549623218790{padding-top: 155px !important;}&#8221;]<\/p>\n<h2><span style=\"color: #ffffff;\">#AllAboard<\/span><\/h2>\n<p><span style=\"color: #ffffff;\">Join the Transilvania Train Adventure and join us to discover Transylvania! We have prepared traditional activities, we will visit fairy places and travel over 600 km together with many nice people.<\/span>[\/vc_column_text]\n\t\t<div class=\"pc_btn_container text-left\">\n\t\t\n\t\t\t<a href=\"http:\/\/www.transilvania-train.com\/transilvania-train\/\" class=\"more text_only white \">ABOUT T-TRAIN<\/a>\n\t\t\n\t\t<\/div>[vc_empty_space height=&#8221;155px&#8221;][\/vc_column][vc_column width=&#8221;2\/3&#8243;][\/vc_column][\/vc_row][vc_row full_width=&#8221;stretch_row_content_no_spaces&#8221; disable_element=&#8221;yes&#8221; overlay_strength=&#8221;0.3&#8243;][vc_column css=&#8221;.vc_custom_1534327099307{padding-top: 0px !important;}&#8221;][rev_slider_vc alias=&#8221;home-slider&#8221;][vc_row_inner][vc_column_inner width=&#8221;1\/2&#8243;][\/vc_column_inner][vc_column_inner width=&#8221;1\/2&#8243;][\/vc_column_inner][\/vc_row_inner][vc_single_image image=&#8221;996&#8243; img_size=&#8221;full&#8221;][\/vc_column][\/vc_row][vc_row overlay_strength=&#8221;0.3&#8243;][vc_column width=&#8221;1\/2&#8243;][vc_single_image image=&#8221;1093&#8243; img_size=&#8221;full&#8221; alignment=&#8221;center&#8221; onclick=&#8221;custom_link&#8221; link=&#8221;https:\/\/transilvania-train.com\/ro\/book-now\/&#8221;][\/vc_column][vc_column width=&#8221;1\/2&#8243;][vc_single_image image=&#8221;1538&#8243; img_size=&#8221;full&#8221; alignment=&#8221;center&#8221; onclick=&#8221;custom_link&#8221; link=&#8221;https:\/\/transilvania-train.com\/ro\/kido-express\/&#8221;][\/vc_column][\/vc_row][vc_row full_width=&#8221;stretch_row&#8221; content_placement=&#8221;middle&#8221; overlay_strength=&#8221;&#8221; css=&#8221;.vc_custom_1508503536182{padding-bottom: 35px !important;background-color: #550528 !important;}&#8221; el_class=&#8221;countdown-row&#8221;][vc_column width=&#8221;1\/3&#8243;][vc_column_text css=&#8221;.vc_custom_1549623243187{margin-bottom: 0px !important;}&#8221;]<\/p>\n<h2>Transilvania Train<\/h2>\n<p>June 26, 2019[\/vc_column_text]\n\t\t<div class=\"pc_btn_container text-left\">\n\t\t\n\t\t\t<a href=\"http:\/\/www.transilvania-train.com\/transilvania-train-adventure\/\" class=\"more text_only white \">BOOK NOW<\/a>\n\t\t\n\t\t<\/div>[\/vc_column][vc_column width=&#8221;2\/3&#8243;]<span class=\"info\">The event has passed.<\/span>[\/vc_column][\/vc_row][vc_row full_width=&#8221;stretch_row&#8221; content_placement=&#8221;middle&#8221; disable_element=&#8221;yes&#8221; overlay_strength=&#8221;0.3&#8243;][vc_column width=&#8221;1\/2&#8243;][vc_column_text]<\/p>\n<h2><span style=\"color: #000000;\"><span style=\"vertical-align: inherit;\"><span style=\"vertical-align: inherit;\">Despre Transilvania Train<\/span><\/span><\/span><\/h2>\n<p><span style=\"color: #000000;\"><span style=\"vertical-align: inherit;\"><span style=\"vertical-align: inherit;\">\u00cenroleaz\u0103-\u00een aventura Transilvania Train \u015fi hai cu noi s\u0103 descoperim Transilvania! <\/span><span style=\"vertical-align: inherit;\">At the pregatit activit\u0103\u0163i tradi\u0163ionale, from the loci pline de poveste \u015fi from the parcurge \u00eempreuna peste 600 km al\u0103turi de mul\u0163i oameni faini.<\/span><\/span><\/span>[\/vc_column_text]\n\t\t<div class=\"pc_btn_container text-left\">\n\t\t\n\t\t\t<a href=\"http:\/\/www.transilvania-train.com\/transilvania-train\/\" class=\"more text_only accent-one \">Mai multe detalii<\/a>\n\t\t\n\t\t<\/div>[\/vc_column][vc_column width=&#8221;1\/2&#8243;][vc_video link=&#8221;https:\/\/www.youtube.com\/watch?v=EZMwi_MENRk&#8221; el_class=&#8221;vivideo&#8221;][\/vc_column][\/vc_row][vc_row overlay_strength=&#8221;&#8221;][vc_column][vc_column_text]<\/p>\n<h2 style=\"text-align: center;\">Last year&#8217;s edition<\/h2>\n<p style=\"text-align: center;\">Join the Transilvania Train Adventure and join us to discover Transylvania! We have prepared traditional activities, we will visit fairy places and travel over 600 km together with many nice people.<\/p>\n<p>[\/vc_column_text][\/vc_column][\/vc_row][vc_row overlay_strength=&#8221;0.3&#8243;][vc_column width=&#8221;1\/3&#8243;][vc_video link=&#8221;https:\/\/youtu.be\/Y5xZnHLZFEI&#8221;][vc_column_text]<\/p>\n<h4>Video Gallery<\/h4>\n<p>Various recordings from the Transilvania Train adventure[\/vc_column_text]\n\t\t<div class=\"pc_btn_container text-left\">\n\t\t\n\t\t\t<a href=\"\" class=\"more text_only accent-one trigger_video_gallery\">See the Video Gallery<\/a>\n\t\t\n\t\t<\/div>[\/vc_column][vc_column width=&#8221;1\/3&#8243;][vc_raw_html]JTNDaDYlMjBzdHlsZSUzRCUyMm1hcmdpbi10b3AlM0ElMjAwJTNCJTIyJTNFUGhvdG9zJTIwZnJvbSUyMFQtVHJhaW4lM0MlMkZoNiUzRSUwQSUzQ3AlM0VUcmFuc2lsdmFuaWElMjBUcmFpbiUyMDIwMTclM0MlMkZwJTNFJTBBJTNDZGl2JTIwY2xhc3MlM0QlMjJwYXN0LXNlc3Npb24lMjIlM0UlMEElMDklM0NkaXYlMjBjbGFzcyUzRCUyMmRheS13cmFwcGVyJTIwdHJpZ2dlcl9waG90b19nYWxsZXJ5JTIwZGF5MV8yMDE3JTIyJTNFJTNDc3BhbiUyMGNsYXNzJTNEJTIybGFiZWwlMjIlM0VEYXklM0MlMkZzcGFuJTNFJTNDc3BhbiUyMGNsYXNzJTNEJTIyZGF5JTIyJTNFMSUzQyUyRnNwYW4lM0UlM0MlMkZkaXYlM0UlMEElMDklM0NkaXYlMjBjbGFzcyUzRCUyMmRheS13cmFwcGVyJTIwdHJpZ2dlcl9waG90b19nYWxsZXJ5JTIwZGF5Ml8yMDE3JTIyJTNFJTNDc3BhbiUyMGNsYXNzJTNEJTIybGFiZWwlMjIlM0VEYXklM0MlMkZzcGFuJTNFJTNDc3BhbiUyMGNsYXNzJTNEJTIyZGF5JTIyJTNFMiUzQyUyRnNwYW4lM0UlM0MlMkZkaXYlM0UlMEElMDklM0NkaXYlMjBjbGFzcyUzRCUyMmRheS13cmFwcGVyJTIwdHJpZ2dlcl9waG90b19nYWxsZXJ5JTIwZGF5M18yMDE3JTIyJTNFJTNDc3BhbiUyMGNsYXNzJTNEJTIybGFiZWwlMjIlM0VEYXklM0MlMkZzcGFuJTNFJTNDc3BhbiUyMGNsYXNzJTNEJTIyZGF5JTIyJTNFMyUzQyUyRnNwYW4lM0UlM0MlMkZkaXYlM0UlMEElMDklM0NkaXYlMjBjbGFzcyUzRCUyMmRheS13cmFwcGVyJTIwdHJpZ2dlcl9waG90b19nYWxsZXJ5JTIwZGF5NF8yMDE3JTIyJTNFJTNDc3BhbiUyMGNsYXNzJTNEJTIybGFiZWwlMjIlM0VEYXklM0MlMkZzcGFuJTNFJTNDc3BhbiUyMGNsYXNzJTNEJTIyZGF5JTIyJTNFNCUzQyUyRnNwYW4lM0UlM0MlMkZkaXYlM0UlMEElM0MlMkZkaXYlM0UlMEElM0NwJTNFVHJhbnNpbHZhbmlhJTIwVHJhaW4lMjAyMDE4JTNDJTJGcCUzRSUwQSUzQ2RpdiUyMGNsYXNzJTNEJTIycGFzdC1zZXNzaW9uJTIyJTNFJTBBJTA5JTNDZGl2JTIwY2xhc3MlM0QlMjJkYXktd3JhcHBlciUyMHRyaWdnZXJfcGhvdG9fZ2FsbGVyeSUyMGRheTElMjIlM0UlM0NzcGFuJTIwY2xhc3MlM0QlMjJsYWJlbCUyMiUzRURheSUzQyUyRnNwYW4lM0UlM0NzcGFuJTIwY2xhc3MlM0QlMjJkYXklMjIlM0UxJTNDJTJGc3BhbiUzRSUzQyUyRmRpdiUzRSUwQSUwOSUzQ2RpdiUyMGNsYXNzJTNEJTIyZGF5LXdyYXBwZXIlMjB0cmlnZ2VyX3Bob3RvX2dhbGxlcnklMjBkYXkyJTIyJTNFJTNDc3BhbiUyMGNsYXNzJTNEJTIybGFiZWwlMjIlM0VEYXklM0MlMkZzcGFuJTNFJTNDc3BhbiUyMGNsYXNzJTNEJTIyZGF5JTIyJTNFMiUzQyUyRnNwYW4lM0UlM0MlMkZkaXYlM0UlMEElMDklM0NkaXYlMjBjbGFzcyUzRCUyMmRheS13cmFwcGVyJTIwdHJpZ2dlcl9waG90b19nYWxsZXJ5JTIwZGF5MyUyMiUzRSUzQ3NwYW4lMjBjbGFzcyUzRCUyMmxhYmVsJTIyJTNFRGF5JTNDJTJGc3BhbiUzRSUzQ3NwYW4lMjBjbGFzcyUzRCUyMmRheSUyMiUzRTMlM0MlMkZzcGFuJTNFJTNDJTJGZGl2JTNFJTBBJTA5JTNDZGl2JTIwY2xhc3MlM0QlMjJkYXktd3JhcHBlciUyMHRyaWdnZXJfcGhvdG9fZ2FsbGVyeSUyMGRheTQlMjIlM0UlM0NzcGFuJTIwY2xhc3MlM0QlMjJsYWJlbCUyMiUzRURheSUzQyUyRnNwYW4lM0UlM0NzcGFuJTIwY2xhc3MlM0QlMjJkYXklMjIlM0U0JTNDJTJGc3BhbiUzRSUzQyUyRmRpdiUzRSUwQSUwOSUzQ2RpdiUyMGNsYXNzJTNEJTIyZGF5LXdyYXBwZXIlMjB0cmlnZ2VyX3Bob3RvX2dhbGxlcnklMjBkYXk1JTIyJTNFJTNDc3BhbiUyMGNsYXNzJTNEJTIybGFiZWwlMjIlM0VEYXklM0MlMkZzcGFuJTNFJTNDc3BhbiUyMGNsYXNzJTNEJTIyZGF5JTIyJTNFNSUzQyUyRnNwYW4lM0UlM0MlMkZkaXYlM0UlMEElM0MlMkZkaXYlM0U=[\/vc_raw_html][\/vc_column][vc_column width=&#8221;1\/3&#8243;][vc_row_inner content_placement=&#8221;top&#8221; el_class=&#8221;30&#8243;][vc_column_inner width=&#8221;1\/2&#8243; offset=&#8221;vc_col-xs-6&#8243;][vc_column_text]<\/p>\n<h6 style=\"margin-top: 0px !important; margin-bottom: 10px;\">Testimonials<\/h6>\n<p>[\/vc_column_text][\/vc_column_inner][vc_column_inner width=&#8221;1\/2&#8243; css=&#8221;.vc_custom_1510103075056{margin-top: -3px !important;margin-right: 10px !important;}&#8221;]\n\t\t<div class=\"pc_btn_container text-right\">\n\t\t\n\t\t\t<a href=\"http:\/\/www.transilvania-train.com\/testimoniale\/\" class=\"more text_only accent-one dn\">View all<\/a>\n\t\t\n\t\t<\/div>[\/vc_column_inner][\/vc_row_inner][vc_raw_html]JTNDZGl2JTIwY2xhc3MlM0QlMjJ0ZXN0aW1vbmlhbCUyMHZpZGVvJTIyJTNFJTBBJTIwJTIwJTIwJTNDZGl2JTIwY2xhc3MlM0QlMjJiZ19pbWFnZSUyMHRyaWdnZXJfdmlkZW9fdGVzdGltb25pYWwlMjB2aWRlb19wb3B1cCUyMiUyMGRhdGEtdmlkZW8taWQlM0QlMjJVVFFWNGxvRzk4MCUyMiUyMHN0eWxlJTNEJTIyYmFja2dyb3VuZC1pbWFnZSUzQXVybCUyOGh0dHBzJTNBJTJGJTJGaW1nLnlvdXR1YmUuY29tJTJGdmklMkZVVFFWNGxvRzk4MCUyRmhxZGVmYXVsdC5qcGclMjklMjIlM0UlM0MlMkZkaXYlM0UlMEElMjAlMjAlMjAlM0NkaXYlMjBjbGFzcyUzRCUyMmF1dGhvciUyMiUzRSUwQSUyMCUyMCUyMCUyMCUyMCUyMCUzQ2RpdiUyMGNsYXNzJTNEJTIyYXV0aG9yLXBob3RvJTIyJTIwc3R5bGUlM0QlMjJiYWNrZ3JvdW5kLWltYWdlJTNBdXJsJTI4aHR0cHMlM0ElMkYlMkZzY29udGVudC5mb3RwMy0zLmZuYS5mYmNkbi5uZXQlMkZ2JTJGdDEuMC05JTJGMTgxOTQ3NjBfMTAxNTQzMjAxMDcwNTA0MjZfNDkzNzc3NDE5NTY3MzY4NjQxMV9uLmpwZyUzRm9oJTNEOTUzMzJlYTk0NTkxZWE3YThhYzExYzdlMjNkMzU4ZGQlMjZvZSUzRDVBOUUzQTM1JTI5JTIyJTNFJTNDJTJGZGl2JTNFJTBBJTIwJTIwJTIwJTIwJTIwJTIwJTNDZGl2JTIwY2xhc3MlM0QlMjJhdXRob3ItZGV0YWlscyUyMiUzRSUwQSUyMCUyMCUyMCUyMCUyMCUyMCUyMCUyMCUyMCUyMCUzQ3NoNiUyMHN0eWxlJTNEJTIybWFyZ2luLWJvdHRvbSUzQSUyMDBweCUyMCUyMWltcG9ydGFudCUyMCUzQiUyMGZvbnQtd2VpZ2h0JTNBNzAwJTIwJTIxaW1wb3J0YW50JTIyJTIwY2xhc3MlM0QlMjJuYW1lJTIyJTNFQW5hJTIwTWFyaWElMjBTdGVyaWFuJTNDJTJGaDYlM0UlMEElMjAlMjAlMjAlMjAlMjAlMjAlMjAlMjAlMjAlMjAlM0NwJTIwc3R5bGUlM0QlMjJtYXJnaW4tdG9wJTNBJTIwLTVweCUyMCUzQiUyMGZvbnQtd2VpZ2h0JTNBNTAwJTNCJTIyJTIwY2xhc3MlM0QlMjJvY2N1cGF0aW9uJTIyJTNFVC1UcmFpbiUyMDIwMTclMjBQYXJ0aWNpcGFudCUzQyUyRnAlM0UlMEElMjAlMjAlMjAlMjAlMjAlMjAlM0MlMkZkaXYlM0UlMEElMjAlMjAlMjAlM0MlMkZkaXYlM0UlMEElM0MlMkZkaXYlM0U=[\/vc_raw_html][\/vc_column][\/vc_row][vc_row full_width=&#8221;stretch_row_content_no_spaces&#8221; disable_element=&#8221;yes&#8221; overlay_strength=&#8221;&#8221; css=&#8221;.vc_custom_1535971291005{background-position: center !important;background-repeat: no-repeat !important;background-size: cover !important;}&#8221;][vc_column][vc_single_image image=&#8221;972&#8243; img_size=&#8221;full&#8221; alignment=&#8221;center&#8221; onclick=&#8221;custom_link&#8221; link=&#8221;https:\/\/transilvania-train.com\/ro\/book-now\/&#8221;][\/vc_column][\/vc_row][vc_row disable_element=&#8221;yes&#8221; overlay_strength=&#8221;0.3&#8243;][vc_column][vc_column_text]<\/p>\n<h2 style=\"text-align: center; padding-bottom: 0px !important; margin-bottom: 0px !important;\"><b>Articole din Blog<\/b><\/h2>\n<p>[\/vc_column_text]\n\t\t<div class=\"pc_btn_container text-center\">\n\t\t\n\t\t\t<a href=\"\" class=\"more text_only accent-one \">Vezi toate articolele<\/a>\n\t\t\n\t\t<\/div><div class=\"latest-posts-list\"><article  id=\"post-98\"  class=\"post-98 post type-post status-publish format-standard has-post-thumbnail hentry category-prima-editie category-transilvania-train\" ><a class=\"featured-image-wrapper\" href=\"https:\/\/kido-express.ro\/en\/last-minute-announcement\/\"><div class=\"featured-image\" style='background-image: url(https:\/\/kido-express.ro\/wp-content\/uploads\/2017\/11\/P9010523-300x225.jpg)'><\/div><\/a><div class=\"post-details\"><div class=\"category\"><ul class=\"post-categories\">\n\t<li><a href=\"https:\/\/kido-express.ro\/en\/category\/news\/prima-editie\/\" rel=\"category tag\">First Edition<\/a><\/li>\n\t<li><a href=\"https:\/\/kido-express.ro\/en\/category\/news\/transilvania-train\/\" rel=\"category tag\">Transilvania Train<\/a><\/li><\/ul><\/div><h4 class=\"post-title\"><a href=\"https:\/\/kido-express.ro\/en\/last-minute-announcement\/\">Day 2 of the Transylvania Train adventure: traditional crafts<\/a><\/h4><div class=\"post-date\">April 15, 2026<\/div><a class=\"read-more\" href=\"https:\/\/kido-express.ro\/en\/last-minute-announcement\/\">Read More<\/a><\/div><\/article><article  id=\"post-21\"  class=\"post-21 post type-post status-publish format-standard has-post-thumbnail hentry category-prima-editie category-transilvania-train\" ><a class=\"featured-image-wrapper\" href=\"https:\/\/kido-express.ro\/en\/third-day-of-transilvania-train-adventure\/\"><div class=\"featured-image\" style='background-image: url(https:\/\/kido-express.ro\/wp-content\/uploads\/2017\/11\/P9020812-300x225.jpg)'><\/div><\/a><div class=\"post-details\"><div class=\"category\"><ul class=\"post-categories\">\n\t<li><a href=\"https:\/\/kido-express.ro\/en\/category\/news\/prima-editie\/\" rel=\"category tag\">First Edition<\/a><\/li>\n\t<li><a href=\"https:\/\/kido-express.ro\/en\/category\/news\/transilvania-train\/\" rel=\"category tag\">Transilvania Train<\/a><\/li><\/ul><\/div><h4 class=\"post-title\"><a href=\"https:\/\/kido-express.ro\/en\/third-day-of-transilvania-train-adventure\/\">Day 3 of the Adventure: The Girl who Cooks with Flowers and the Concert of the Evangelical Church in Sebes<\/a><\/h4><div class=\"post-date\">April 15, 2026<\/div><a class=\"read-more\" href=\"https:\/\/kido-express.ro\/en\/third-day-of-transilvania-train-adventure\/\">Read More<\/a><\/div><\/article><article  id=\"post-19\"  class=\"post-19 post type-post status-publish format-standard has-post-thumbnail hentry category-prima-editie category-transilvania-train\" ><a class=\"featured-image-wrapper\" href=\"https:\/\/kido-express.ro\/en\/last-day-of-transilvania-train-adventure\/\"><div class=\"featured-image\" style='background-image: url(https:\/\/kido-express.ro\/wp-content\/uploads\/2017\/11\/P9010718-300x225.jpg)'><\/div><\/a><div class=\"post-details\"><div class=\"category\"><ul class=\"post-categories\">\n\t<li><a href=\"https:\/\/kido-express.ro\/en\/category\/news\/prima-editie\/\" rel=\"category tag\">First Edition<\/a><\/li>\n\t<li><a href=\"https:\/\/kido-express.ro\/en\/category\/news\/transilvania-train\/\" rel=\"category tag\">Transilvania Train<\/a><\/li><\/ul><\/div><h4 class=\"post-title\"><a href=\"https:\/\/kido-express.ro\/en\/last-day-of-transilvania-train-adventure\/\">Last day of the Transylvania Train adventure. Sibiu and Fagaras County.<\/a><\/h4><div class=\"post-date\">April 15, 2026<\/div><a class=\"read-more\" href=\"https:\/\/kido-express.ro\/en\/last-day-of-transilvania-train-adventure\/\">Read More<\/a><\/div><\/article><\/div>[\/vc_column][\/vc_row][vc_row overlay_strength=&#8221;&#8221;][vc_column][vc_empty_space el_class=&#8221;tt_spacer&#8221;][\/vc_column][\/vc_row][vc_row equal_height=&#8221;yes&#8221; content_placement=&#8221;middle&#8221; overlay_strength=&#8221;&#8221;][vc_column][vc_column_text]<\/p>\n<h4 style=\"opacity: 0.6; text-align: center;\">Media partners<\/h4>\n<p>[\/vc_column_text][vc_row_inner equal_height=&#8221;yes&#8221; content_placement=&#8221;middle&#8221;][vc_column_inner width=&#8221;1\/6&#8243;][\/vc_column_inner][vc_column_inner width=&#8221;1\/6&#8243;][vc_single_image image=&#8221;907&#8243; img_size=&#8221;100&#8243; alignment=&#8221;center&#8221; onclick=&#8221;custom_link&#8221; img_link_target=&#8221;_blank&#8221; link=&#8221;https:\/\/www.guerrillaradio.ro\/&#8221;][\/vc_column_inner][vc_column_inner width=&#8221;1\/6&#8243;][vc_single_image image=&#8221;194&#8243; img_size=&#8221;medium&#8221; alignment=&#8221;center&#8221; onclick=&#8221;custom_link&#8221; img_link_target=&#8221;_blank&#8221; link=&#8221;https:\/\/www.natgeo.ro\/&#8221;][\/vc_column_inner][vc_column_inner width=&#8221;1\/6&#8243;][vc_single_image image=&#8221;903&#8243; img_size=&#8221;medium&#8221; alignment=&#8221;center&#8221; onclick=&#8221;custom_link&#8221; img_link_target=&#8221;_blank&#8221; link=&#8221;https:\/\/www.wall-street.ro\/&#8221;][\/vc_column_inner][vc_column_inner width=&#8221;1\/6&#8243;][vc_single_image image=&#8221;954&#8243; img_size=&#8221;medium&#8221; alignment=&#8221;center&#8221; onclick=&#8221;custom_link&#8221; img_link_target=&#8221;_blank&#8221; link=&#8221;http:\/\/adevarul.ro\/&#8221;][\/vc_column_inner][vc_column_inner width=&#8221;1\/6&#8243;][\/vc_column_inner][\/vc_row_inner][vc_row_inner equal_height=&#8221;yes&#8221; content_placement=&#8221;middle&#8221;][vc_column_inner width=&#8221;1\/6&#8243;][\/vc_column_inner][vc_column_inner width=&#8221;1\/6&#8243;][vc_single_image image=&#8221;955&#8243; img_size=&#8221;medium&#8221; alignment=&#8221;center&#8221; onclick=&#8221;custom_link&#8221; img_link_target=&#8221;_blank&#8221; link=&#8221;https:\/\/www.historia.ro\/&#8221;][\/vc_column_inner][vc_column_inner width=&#8221;1\/6&#8243;][vc_single_image image=&#8221;960&#8243; img_size=&#8221;medium&#8221; alignment=&#8221;center&#8221; onclick=&#8221;custom_link&#8221; img_link_target=&#8221;_blank&#8221; link=&#8221;http:\/\/www.nineoclock.ro\/&#8221;][\/vc_column_inner][vc_column_inner width=&#8221;1\/6&#8243;][vc_single_image image=&#8221;904&#8243; img_size=&#8221;medium&#8221; alignment=&#8221;center&#8221; onclick=&#8221;custom_link&#8221; img_link_target=&#8221;_blank&#8221; link=&#8221;http:\/\/adevarul.ro\/&#8221;][\/vc_column_inner][vc_column_inner width=&#8221;1\/6&#8243;][vc_single_image image=&#8221;959&#8243; img_size=&#8221;medium&#8221; alignment=&#8221;center&#8221; onclick=&#8221;custom_link&#8221; img_link_target=&#8221;_blank&#8221; link=&#8221;http:\/\/www.thegoodcompany.ro\/&#8221;][\/vc_column_inner][vc_column_inner width=&#8221;1\/6&#8243;][\/vc_column_inner][\/vc_row_inner][vc_column_text]<\/p>\n<h4 style=\"opacity: 0.6; text-align: center;\">Partners<\/h4>\n<p>[\/vc_column_text][vc_column_text]<div class=\"partners_wrapper\">\n\t\t<a href=\"https:\/\/www.beretimisoreana.ro\/\" target=\"_blank\"><img src=\"https:\/\/kido-express.ro\/wp-content\/themes\/alimo-child\/assets\/img\/partners\/Logo-Timi-Nepa.jpg\" \/><\/a>\n\t\t<a href=\"https:\/\/www.jidvei.ro\/ro\" target=\"_blank\"><img src=\"https:\/\/kido-express.ro\/wp-content\/themes\/alimo-child\/assets\/img\/partners\/logo-jidvei.png\" \/><\/a>\n\t\t<a href=\"https:\/\/www.franke.com\/ro\/ro.html\" target=\"_blank\"><img src=\"https:\/\/kido-express.ro\/wp-content\/themes\/alimo-child\/assets\/img\/partners\/logo_franke.png\" \/><\/a>\n\t\t<a href=\"https:\/\/www.cfrcalatori.ro\/\" target=\"_blank\"><img src=\"https:\/\/kido-express.ro\/wp-content\/themes\/alimo-child\/assets\/img\/partners\/Image-31-1.png\" \/><\/a>\n\t\t<a href=\"https:\/\/www.tarom.ro\/\" target=\"_blank\"><img src=\"https:\/\/kido-express.ro\/wp-content\/themes\/alimo-child\/assets\/img\/partners\/logo-tarom.png\" \/><\/a>\n\t\t<a href=\"http:\/\/kirchenburgen.org\/ro\/\" target=\"_blank\"><img src=\"https:\/\/kido-express.ro\/wp-content\/themes\/alimo-child\/assets\/img\/partners\/Biserici-fortificate.png\" \/><\/a>\n\t\t<a href=\"http:\/\/hoteltransilvaniasighisoara.ro\/\" target=\"_blank\"><img src=\"https:\/\/kido-express.ro\/wp-content\/themes\/alimo-child\/assets\/img\/partners\/Image-32-1.png\" \/><\/a>\n\t\t<a href=\"https:\/\/continental-forum-sibiu.continentalhotels.ro\/\" target=\"_blank\"><img src=\"https:\/\/kido-express.ro\/wp-content\/themes\/alimo-child\/assets\/img\/partners\/Image-30-1.png\" \/><\/a>\n\t\t<a href=\"http:\/\/www.hiltonhotels.com\/ro_RO\/romania\/hilton-sibiu\/\" target=\"_blank\"><img src=\"https:\/\/kido-express.ro\/wp-content\/themes\/alimo-child\/assets\/img\/partners\/Path-2243-1.png\" \/><\/a>\n\t\t<a href=\"http:\/\/kronwell.com\/\" target=\"_blank\"><img src=\"https:\/\/kido-express.ro\/wp-content\/themes\/alimo-child\/assets\/img\/partners\/Kronwell-300x254.png\" \/><\/a>\n\t<\/div>[\/vc_column_text][\/vc_column][\/vc_row][vc_row overlay_strength=&#8221;&#8221;][vc_column][vc_empty_space height=&#8221;55px&#8221;][\/vc_column][\/vc_row][vc_row full_width=&#8221;stretch_row&#8221; overlay_strength=&#8221;&#8221; css=&#8221;.vc_custom_1509987143485{background-image: url(http:\/\/www.transilvania-train.com\/wp-content\/uploads\/2017\/10\/train_bg_img-1.png?id=214) !important;background-position: center !important;background-repeat: no-repeat !important;background-size: cover !important;}&#8221; el_class=&#8221;overlay black&#8221;][vc_column el_class=&#8221;invert-text&#8221;][vc_empty_space height=&#8221;55px&#8221;][vc_column_text]<\/p>\n<h6 style=\"text-align: center; margin-bottom: 5px !important;\">Transilvania Train News and Stories<\/h6>\n<h1 style=\"text-align: center; margin-top: 0px !important;\">Subscribe to our Newsletter<\/h1>\n<div style=\"text-align: center;\"><!-- MailChimp for WordPress v4.2.5 - https:\/\/wordpress.org\/plugins\/mailchimp-for-wp\/ --><form id=\"mc4wp-form-2\" class=\"mc4wp-form mc4wp-form-718\" method=\"post\" data-id=\"718\" data-name=\"Newsletter Subscribe\" ><div class=\"mc4wp-form-fields\"><div class=\"tt-newsletter-form\">\r\n   \r\n      <label for=\"email\">\r\n        <input class=\"tt-newsletter-input\" name=\"email\" size=\"20\" type=\"email\" placeholder=\"Email\" required \/>\r\n      <\/label>\r\n      <label for=\"LNAME\">\r\n        <input type=\"text\" name=\"LNAME\" placeholder=\"Nume (optional)\">\r\n      <\/label>\r\n      <label for=\"FNAME\">\r\n        <input type=\"text\" name=\"FNAME\" placeholder=\"Prenume (optional)\">\r\n      <\/label>\r\n  <input class=\"btn-cta\" name=\"Submit\" type=\"submit\" value=\"Submit\">\r\n<\/div>\r\n\r\n <br>\r\n      <div class=\"mc4wp-subscribe\">\r\n        <label>\r\n            <input type=\"checkbox\" name=\"mc4wp-subscribe\" value=\"1\" required\/>\r\n          \tExpress your consent to the processing of personal data under our Data Security Policy for subscribing to the newsletter.\r\n        <\/label>\r\n      <\/div>\r\n<\/div><label style=\"display: none !important;\">Leave this field empty if you're human: <input type=\"text\" name=\"_mc4wp_honeypot\" value=\"\" tabindex=\"-1\" autocomplete=\"off\" \/><\/label><input type=\"hidden\" name=\"_mc4wp_timestamp\" value=\"1776252565\" \/><input type=\"hidden\" name=\"_mc4wp_form_id\" value=\"718\" \/><input type=\"hidden\" name=\"_mc4wp_form_element_id\" value=\"mc4wp-form-2\" \/><div class=\"mc4wp-response\"><\/div><\/form><!-- \/ MailChimp for WordPress Plugin --><\/div>\n<p>[\/vc_column_text][vc_row_inner][vc_column_inner][vc_empty_space height=&#8221;55px&#8221;][vc_empty_space height=&#8221;55px&#8221;][\/vc_column_inner][\/vc_row_inner][\/vc_column][\/vc_row][vc_row full_width=&#8221;stretch_row_content_no_spaces&#8221; equal_height=&#8221;yes&#8221; overlay_strength=&#8221;&#8221; css=&#8221;.vc_custom_1510003271901{background-position: center !important;background-repeat: no-repeat !important;background-size: cover !important;}&#8221;][vc_column css=&#8221;.vc_custom_1509385752168{padding-right: 30px !important;padding-left: 10% !important;}&#8221;][vc_column_text]<\/p>\n<h2 style=\"text-align: center;\">Private Events<\/h2>\n<p style=\"text-align: center;\">Do you have a crazy idea that involves an event in a train? What do you want? You got the right place! We can help you turn your idea into reality.<\/p>\n<p>[\/vc_column_text]\n\t\t<div class=\"pc_btn_container text-center\">\n\t\t\n\t\t\t<a href=\"http:\/\/www.transilvania-train.com\/contact\/\" class=\"more text_only accent-one \">CONTACT US<\/a>\n\t\t\n\t\t<\/div>[\/vc_column][\/vc_row]<\/p>","protected":false},"excerpt":{"rendered":"\r\n\r\nTransylvania Train begins with only one step: decide yourself.\r\n\r\nAs long as there is not much time till departure, here's what we prepared for you the last day!\r\n\r\nOnce we wake up ...","protected":false},"author":1,"featured_media":0,"parent":0,"menu_order":0,"comment_status":"closed","ping_status":"closed","template":"page-templates\/page-home.php","meta":[],"_links":{"self":[{"href":"https:\/\/kido-express.ro\/en\/wp-json\/wp\/v2\/pages\/15"}],"collection":[{"href":"https:\/\/kido-express.ro\/en\/wp-json\/wp\/v2\/pages"}],"about":[{"href":"https:\/\/kido-express.ro\/en\/wp-json\/wp\/v2\/types\/page"}],"author":[{"embeddable":true,"href":"https:\/\/kido-express.ro\/en\/wp-json\/wp\/v2\/users\/1"}],"replies":[{"embeddable":true,"href":"https:\/\/kido-express.ro\/en\/wp-json\/wp\/v2\/comments?post=15"}],"version-history":[{"count":54,"href":"https:\/\/kido-express.ro\/en\/wp-json\/wp\/v2\/pages\/15\/revisions"}],"predecessor-version":[{"id":1782,"href":"https:\/\/kido-express.ro\/en\/wp-json\/wp\/v2\/pages\/15\/revisions\/1782"}],"wp:attachment":[{"href":"https:\/\/kido-express.ro\/en\/wp-json\/wp\/v2\/media?parent=15"}],"curies":[{"name":"wp","href":"https:\/\/api.w.org\/{rel}","templated":true}]}}